{"id":111,"date":"2026-03-15T15:51:56","date_gmt":"2026-03-15T15:51:56","guid":{"rendered":"https:\/\/www.main-reim.de\/html\/mr26\/?page_id=111"},"modified":"2026-03-15T15:57:50","modified_gmt":"2026-03-15T15:57:50","slug":"satzung","status":"publish","type":"page","link":"https:\/\/www.main-reim.de\/html\/mr26\/?page_id=111","title":{"rendered":"Satzung"},"content":{"rendered":"\n<figure class=\"wp-block-table\"><table class=\"has-fixed-layout\"><tbody><tr><td>Satzung des Vereins zur F\u00f6rderung der Dichtung am Untermain e.V.<\/td><\/tr><tr><td><a href=\"file:\/\/\/C:\/delete_me\/hp_2026_main-reim_backup\/HP_Main-Reim_02_02\/satzung.html#1\">Name und Sitz<\/a> <br><a href=\"file:\/\/\/C:\/delete_me\/hp_2026_main-reim_backup\/HP_Main-Reim_02_02\/satzung.html#2\">Vereinszweck<\/a> <br><a href=\"file:\/\/\/C:\/delete_me\/hp_2026_main-reim_backup\/HP_Main-Reim_02_02\/satzung.html#3\">Gemeinn\u00fctzigkeit<\/a> <br><a href=\"file:\/\/\/C:\/delete_me\/hp_2026_main-reim_backup\/HP_Main-Reim_02_02\/satzung.html#4\">Gesch\u00e4ftsjahr\/Beitr\u00e4ge<\/a> <br><a href=\"file:\/\/\/C:\/delete_me\/hp_2026_main-reim_backup\/HP_Main-Reim_02_02\/satzung.html#5\">Mitgliedschaft<\/a> <br><a href=\"file:\/\/\/C:\/delete_me\/hp_2026_main-reim_backup\/HP_Main-Reim_02_02\/satzung.html#6\">Organe<\/a> <br><a href=\"file:\/\/\/C:\/delete_me\/hp_2026_main-reim_backup\/HP_Main-Reim_02_02\/satzung.html#7\">Vorstand<\/a> <br><a href=\"file:\/\/\/C:\/delete_me\/hp_2026_main-reim_backup\/HP_Main-Reim_02_02\/satzung.html#8\">Mitgliederversammlung<\/a> <br><a href=\"file:\/\/\/C:\/delete_me\/hp_2026_main-reim_backup\/HP_Main-Reim_02_02\/satzung.html#9\">Aufl\u00f6sung des Vereins<\/a><\/td><\/tr><tr><td>\u00a7 1 Name und Sitz Der Verein f\u00fchrt den Namen \u201cVerein zur F\u00f6rderung der Dichtung am Untermain e.V.\u201d im folgenden Verein genannt.Er hat seinen Sitz in Aschaffenburg.Eintragung in das Vereinsregister des Amtsgerichtes Obernburg am Main erfolgte am zweiten Juni 2005 unter der Nummer 888<br><br>&nbsp; \u00a7 2 Vereinszweck Zweck des Vereins ist die F\u00f6rderung der Dichtung am bayerischen Untermain. Die Bev\u00f6lkerung der Landkreise Aschaffenburg und Miltenberg und der Stadt Aschaffenburg soll dazu angeregt werden, sich mit Literatur und Dichtung zu besch\u00e4ftigen und selbst aktiv dichterisch t\u00e4tig zu werden.Der Vereinszweck wird insbesondere verwirklicht durch: Regelm\u00e4\u00dfige Lesungen der Mitglieder Regelm\u00e4\u00dfige Treffen zur Interpretation von literarischen Werken Herausgabe von Anthologien Veranstaltung von Gedichtwettbewerben in Zusammenarbeit mit den Medien (Printmedien und H\u00f6rfunk) Veranstaltung von sog. Poetry Slams &nbsp;Ermutigung von Nicht-Mitgliedern zum Verfassen von literarischen Werken und zur Teilnahme an den Treffen des Vereins<br><br>&nbsp; &nbsp; \u00a7 3 Gemeinn\u00fctzigkeit Der Verein verfolgt ausschlie\u00dflich und unmittelbar gemeinn\u00fctzige Zwecke im Sinne des Abschnittes \u201cSteuerbeg\u00fcnstigte Zwecke\u201d der Abgabenordnung in der jeweils g\u00fcltigen Fassung.Der Verein ist selbstlos t\u00e4tig und verfolgt nicht in erster Linie eigenwirtschaftliche Zwecke.Mittel des Vereines d\u00fcrfen nur f\u00fcr satzungsgem\u00e4\u00dfe Zwecke verwendet werden. Die Mitglieder erhalten keine Zuwendungen aus den Mitteln des Vereines.Es darf keine Person durch Ausgaben, die dem Zweck des Vereines fremd sind, oder durch unverh\u00e4ltnism\u00e4\u00dfg hohe Verg\u00fctungen beg\u00fcnstigt werden.<br><br>&nbsp; \u00a7 4 Gesch\u00e4ftsjahr, Beitr\u00e4ge &nbsp; &nbsp; Das Gesch\u00e4ftsjahr ist das Kalenderjahr.Der Jahresbeitrag wird von der Mitgliederversammlung festgelegt. Er ist bis sp\u00e4testens ersten April jeden Jahres zu entrichten.<br><br>&nbsp; \u00a7 5 Mitgliedschaft Die Mitgliedschaft kann jede nat\u00fcrliche Person und jede juristische Person schriftlich beantragen. Minderj\u00e4hrige ben\u00f6tigen das Einverst\u00e4ndnis Ihrer gesetzlichen Vertreter.\u00dcber die Aufnahme entscheidet der Vorstand. Der Eintritt wird mit der schriftlichen Aufnahmeerkl\u00e4rung des Vorstandes wirksam.Die Mitgliedschaft endet durch Tod, Austritt oder Ausschluss.Der Austritt erfolgt durch schriftliche Erkl\u00e4rung gegen\u00fcber einem Vorstandsmitglied und ist nur unter Wahrung einer Frist von einem Monat zum Schluss des Kalenderjahres zul\u00e4ssig. F\u00fcr die Fristwahrung ist der Zugang der Erkl\u00e4rung an ein Vorstandsmitglied ma\u00dfgeblich.Der Ausschluss ist m\u00f6glich, wenn das Mitglied in grober Weise gegen Vereinsinteressen versto\u00dfen hat. Vor der Beschlussfassung ist das Mitglied pers\u00f6nlich oder schriftlich zu h\u00f6ren. Eine daraufhin abgegebene schriftliche Erkl\u00e4rung ist unmittelbar vor der Abstimmung zu verlesen.<br><br>&nbsp; \u00a7 6 Organe &nbsp; Organe des Vereins sind der Vorstand die Mitgliederversammlung &nbsp; &nbsp;<br><br> \u00a7 7 Vorstand Der Vorstand besteht aus dem Vorsitzenden, dem stellvertretendem Vorsitzenden, und dem Schatzmeister. Die Vorstandmitglieder werden von der Mitgliederversammlung auf die Dauer von zwei Jahren gew\u00e4hlt. Der alte Vorstand bleibt bis zur satzungsm\u00e4\u00dfigen Wahl eines neuen im Amt.Dem Vorstand obliegt die Gesch\u00e4ftsf\u00fchrung, die Ausf\u00fchrung der Vereinsbeschl\u00fcsse und die Verwaltung des Vereinsverm\u00f6gens. Dar\u00fcber hinaus ist er f\u00fcr alle Aufgaben zust\u00e4ndig, die nicht ausdr\u00fccklich der Mitgliederversammlung zugewiesen sind. Der Vorstand ist beschlussf\u00e4hig, wenn mindestens die H\u00e4lfte seiner Mitglieder anwesend ist. Beschl\u00fcsse werden mit einfacher Stimmenmehrheit gefasst. Bei Stimmengleichheit entscheidet die Stimme des Vorsitzenden.Der Vorstand vertritt den Verein im Sinne von \u00a7 26 BGB. Der Vorsitzende, bei dessen Verhinderung der stellvertretende Vorsitzende, ist zusammen mit einem weiteren Vorstandmitglied vertretungsberechtigt.Vorstandssitzungen werden vom Vorsitzenden einberufen; sie sind nicht \u00f6ffentlich. \u00c3\u0153ber die Vorstandssitzungen ist ein Protokoll anzufertigen.Der Schatzmeister verwaltet die Kasse des Vereins und f\u00e4hrt ordnungsgem\u00e4\u00df Buch \u00fcber alle Einnahmen und Ausgaben. Er hat der Mitgliederversammlung einen Rechenschaftsbericht zu erstatten.Die Mitglieder des Vorstandes \u00fcben ihre T\u00e4tigkeit ehrenamtlich aus.<\/td><\/tr><\/tbody><\/table><\/figure>\n","protected":false},"excerpt":{"rendered":"<p>Satzung des Vereins zur F\u00f6rderung der Dichtung am Untermain e.V. Name und Sitz Vereinszweck Gemeinn\u00fctzigkeit Gesch\u00e4ftsjahr\/Beitr\u00e4ge Mitgliedschaft Organe Vorstand Mitgliederversammlung Aufl\u00f6sung des Vereins \u00a7 1 Name und Sitz Der Verein f\u00fchrt den Namen \u201cVerein zur F\u00f6rderung der Dichtung am Untermain &hellip; <a href=\"https:\/\/www.main-reim.de\/html\/mr26\/?page_id=111\">Weiterlesen <span class=\"meta-nav\">&rarr;<\/span><\/a><\/p>\n","protected":false},"author":1,"featured_media":0,"parent":0,"menu_order":2,"comment_status":"closed","ping_status":"closed","template":"","meta":{"footnotes":""},"class_list":["post-111","page","type-page","status-publish","hentry"],"_links":{"self":[{"href":"https:\/\/www.main-reim.de\/html\/mr26\/index.php?rest_route=\/wp\/v2\/pages\/111","targetHints":{"allow":["GET"]}}],"collection":[{"href":"https:\/\/www.main-reim.de\/html\/mr26\/index.php?rest_route=\/wp\/v2\/pages"}],"about":[{"href":"https:\/\/www.main-reim.de\/html\/mr26\/index.php?rest_route=\/wp\/v2\/types\/page"}],"author":[{"embeddable":true,"href":"https:\/\/www.main-reim.de\/html\/mr26\/index.php?rest_route=\/wp\/v2\/users\/1"}],"replies":[{"embeddable":true,"href":"https:\/\/www.main-reim.de\/html\/mr26\/index.php?rest_route=%2Fwp%2Fv2%2Fcomments&post=111"}],"version-history":[{"count":2,"href":"https:\/\/www.main-reim.de\/html\/mr26\/index.php?rest_route=\/wp\/v2\/pages\/111\/revisions"}],"predecessor-version":[{"id":114,"href":"https:\/\/www.main-reim.de\/html\/mr26\/index.php?rest_route=\/wp\/v2\/pages\/111\/revisions\/114"}],"wp:attachment":[{"href":"https:\/\/www.main-reim.de\/html\/mr26\/index.php?rest_route=%2Fwp%2Fv2%2Fmedia&parent=111"}],"curies":[{"name":"wp","href":"https:\/\/api.w.org\/{rel}","templated":true}]}}